{"id":1018,"date":"2026-02-19T15:24:56","date_gmt":"2026-02-19T20:24:56","guid":{"rendered":"https:\/\/store.simerelectronics.com\/?post_type=product&#038;p=1018"},"modified":"2026-02-19T15:24:56","modified_gmt":"2026-02-19T20:24:56","slug":"bascula-colgante","status":"publish","type":"product","link":"https:\/\/store.simerelectronics.com\/index.php\/producto\/bascula-colgante\/","title":{"rendered":"Bascula Colgante"},"content":{"rendered":"<table width=\"579\">\n<tbody>\n<tr>\n<td colspan=\"5\" width=\"259\">DESCRIPCION<\/td>\n<td colspan=\"4\" width=\"320\">B\u00e1scula colgante electr\u00f3nica industrial port\u00e1til, digital, precisa, multifuncional.<\/td>\n<\/tr>\n<tr>\n<td colspan=\"5\">MODELO<\/td>\n<td colspan=\"4\">MNCS M<\/td>\n<\/tr>\n<tr>\n<td colspan=\"5\">MATERIAL<\/td>\n<td colspan=\"4\">Aleaci\u00f3n de aluminio<\/td>\n<\/tr>\n<tr>\n<td colspan=\"5\">MATERIAL DEL GANCHO<\/td>\n<td colspan=\"4\">acero inoxidable<\/td>\n<\/tr>\n<tr>\n<td colspan=\"5\">TIPO DE PANTALLA<\/td>\n<td colspan=\"4\">pantalla LED LCD<\/td>\n<\/tr>\n<tr>\n<td colspan=\"5\" width=\"259\">GANCHO TIPO FUENTE DE ALIMENTACION<\/td>\n<td colspan=\"4\">3 pilas AA (no se env\u00edan con bater\u00edas)<\/td>\n<\/tr>\n<tr>\n<td colspan=\"5\">CAPACIDAD DE PESAJE<\/td>\n<td colspan=\"4\">300 kg, 300 g<\/td>\n<\/tr>\n<tr>\n<td colspan=\"5\">UNIDAD DE MEDIDA<\/td>\n<td colspan=\"4\" width=\"320\">kg, libra, N<\/td>\n<\/tr>\n<\/tbody>\n<\/table>\n","protected":false},"excerpt":{"rendered":"<p>DESCRIPCION B\u00e1scula colgante electr\u00f3nica industrial port\u00e1til, digital, precisa, multifuncional. MODELO MNCS M MATERIAL Aleaci\u00f3n de aluminio MATERIAL DEL GANCHO acero inoxidable TIPO DE PANTALLA pantalla LED LCD GANCHO TIPO FUENTE DE ALIMENTACION 3 pilas AA (no se env\u00edan con bater\u00edas) CAPACIDAD DE PESAJE 300 kg, 300 g UNIDAD DE MEDIDA kg, libra, N<\/p>\n","protected":false},"featured_media":1019,"comment_status":"open","ping_status":"closed","template":"","meta":[],"product_brand":[],"product_cat":[104,49,73],"product_tag":[105,106],"class_list":{"0":"post-1018","1":"product","2":"type-product","3":"status-publish","4":"has-post-thumbnail","6":"product_cat-bascula","7":"product_cat-electronica","8":"product_cat-medidor","9":"product_tag-bascula","10":"product_tag-colgante","12":"first","13":"instock","14":"taxable","15":"shipping-taxable","16":"purchasable","17":"product-type-simple"},"_links":{"self":[{"href":"https:\/\/store.simerelectronics.com\/index.php\/wp-json\/wp\/v2\/product\/1018","targetHints":{"allow":["GET"]}}],"collection":[{"href":"https:\/\/store.simerelectronics.com\/index.php\/wp-json\/wp\/v2\/product"}],"about":[{"href":"https:\/\/store.simerelectronics.com\/index.php\/wp-json\/wp\/v2\/types\/product"}],"replies":[{"embeddable":true,"href":"https:\/\/store.simerelectronics.com\/index.php\/wp-json\/wp\/v2\/comments?post=1018"}],"wp:featuredmedia":[{"embeddable":true,"href":"https:\/\/store.simerelectronics.com\/index.php\/wp-json\/wp\/v2\/media\/1019"}],"wp:attachment":[{"href":"https:\/\/store.simerelectronics.com\/index.php\/wp-json\/wp\/v2\/media?parent=1018"}],"wp:term":[{"taxonomy":"product_brand","embeddable":true,"href":"https:\/\/store.simerelectronics.com\/index.php\/wp-json\/wp\/v2\/product_brand?post=1018"},{"taxonomy":"product_cat","embeddable":true,"href":"https:\/\/store.simerelectronics.com\/index.php\/wp-json\/wp\/v2\/product_cat?post=1018"},{"taxonomy":"product_tag","embeddable":true,"href":"https:\/\/store.simerelectronics.com\/index.php\/wp-json\/wp\/v2\/product_tag?post=1018"}],"curies":[{"name":"wp","href":"https:\/\/api.w.org\/{rel}","templated":true}]}}