{"id":1026,"date":"2026-02-19T16:01:59","date_gmt":"2026-02-19T21:01:59","guid":{"rendered":"https:\/\/store.simerelectronics.com\/?post_type=product&#038;p=1026"},"modified":"2026-02-19T16:01:59","modified_gmt":"2026-02-19T21:01:59","slug":"caudalimetro-masico-para-glp","status":"publish","type":"product","link":"https:\/\/store.simerelectronics.com\/index.php\/producto\/caudalimetro-masico-para-glp\/","title":{"rendered":"Caudal\u00edmetro m\u00e1sico para GLP"},"content":{"rendered":"<table width=\"571\">\n<tbody>\n<tr>\n<td colspan=\"5\" width=\"234\">Tubos<\/td>\n<td colspan=\"4\" width=\"337\">Acero inoxidable 316L<\/td>\n<\/tr>\n<tr>\n<td colspan=\"5\">Carcasa del Sensor<\/td>\n<td colspan=\"4\">Acero inoxidable 304L<\/td>\n<\/tr>\n<tr>\n<td colspan=\"5\">Carcaza Transmisor de Se\u00f1al<\/td>\n<td colspan=\"4\">Aluminio<\/td>\n<\/tr>\n<tr>\n<td colspan=\"5\" width=\"234\">Peso (solo transductor)<\/td>\n<td colspan=\"4\" width=\"337\">9.5 kg (21 lbs)<\/td>\n<\/tr>\n<tr>\n<td colspan=\"5\">Tama\u00f1o de L\u00ednea<\/td>\n<td colspan=\"4\">51 mm (2 in.)<\/td>\n<\/tr>\n<tr>\n<td colspan=\"5\" width=\"234\">Pesos y Medidas Aprobados Caudal<br \/>\nVolum\u00e9trico<\/td>\n<td colspan=\"4\">30 &#8211; 310 litros\/min (gpm 8-82)<\/td>\n<\/tr>\n<tr>\n<td colspan=\"5\" width=\"234\">General Purpose Vol. Caudal<\/td>\n<td colspan=\"4\">30 &#8211; 544 litros\/min (8-144 gpm)<\/td>\n<\/tr>\n<tr>\n<td colspan=\"5\">Precisi\u00f3n del Flujo M\u00e1sico<\/td>\n<td colspan=\"4\">\u00b10.2% of rate<\/td>\n<\/tr>\n<tr>\n<td colspan=\"5\" width=\"234\">Repetibilidad del Flujo M\u00e1sico<\/td>\n<td colspan=\"4\">\u00b10.1% of rate<\/td>\n<\/tr>\n<tr>\n<td colspan=\"5\">Estabilidad de Masa Cero<\/td>\n<td colspan=\"4\">1.36 kg\/hr (0.05 lb\/min)<\/td>\n<\/tr>\n<tr>\n<td colspan=\"5\" width=\"234\">Precisi\u00f3n del Caudal Volum\u00e9trico<\/td>\n<td colspan=\"4\">\u00b10.2% of rate<\/td>\n<\/tr>\n<tr>\n<td colspan=\"5\" width=\"234\">Repetibilidad Del Caudal Volum\u00e9trico<\/td>\n<td colspan=\"4\">\u00b10.1% of rate<\/td>\n<\/tr>\n<tr>\n<td colspan=\"5\">Precisi\u00f3n de Densidad<\/td>\n<td colspan=\"4\">\u00b10.002 g\/cm3 (\u00b12.0 kg\/m3)<\/td>\n<\/tr>\n<tr>\n<td colspan=\"5\">Repetibilidad de Densidad<\/td>\n<td colspan=\"4\">\u00b10.001 g\/cm3 (\u00b11.0 kg\/m3)<\/td>\n<\/tr>\n<tr>\n<td colspan=\"5\">Precisi\u00f3n de Temperatura<\/td>\n<td colspan=\"4\" width=\"337\">\u00b11\u00b0C \u00b1 0.5% de la lectura<\/td>\n<\/tr>\n<tr>\n<td colspan=\"5\">Repetibilidad de la Temperatura<\/td>\n<td colspan=\"4\">\u00b10.2\u00b0C<\/td>\n<\/tr>\n<tr>\n<td colspan=\"5\">Clasificaci\u00f3n de presi\u00f3n<\/td>\n<td colspan=\"4\">24 bar (350 psi)<\/td>\n<\/tr>\n<tr>\n<td colspan=\"5\">UL and CSA<\/td>\n<td colspan=\"4\" width=\"337\">Clase 1, Div. 2, Grupos A, B, C y D (cuando est\u00e1 conectado correctamente a un registro aprobado)<\/td>\n<\/tr>\n<\/tbody>\n<\/table>\n","protected":false},"excerpt":{"rendered":"<p>El medidor de flujo m\u00e1sico Neptune RML2000 fue pionero en la medici\u00f3n de flujo completamente electr\u00f3nica y la gesti\u00f3n de transacciones en el autotanque con m\u00e1s de una d\u00e9cada de \u00e9xito en aplicaciones m\u00f3viles, el RML2000 ofrece una mejor precisi\u00f3n, mayores rango de caudales y una estabilidad excepcional entre verificaciones y calibraciones anuales. El medidor de flujo m\u00e1sico Coriolis proporciona la opci\u00f3n medici\u00f3n del flujo volum\u00e9trico calculado de GLP cuando se conecta con un reg electr\u00f3nico. El sistema RML2000 eficiente en el espacio se puede implementar tanto en veh\u00edculos nuevos como existentes. El sistema proporciona una precisi\u00f3n estable, un mantenimiento reducido y una recuperaci\u00f3n de la inversi\u00f3n a corto plazo.<\/p>\n","protected":false},"featured_media":1027,"comment_status":"open","ping_status":"closed","template":"","meta":[],"product_brand":[],"product_cat":[55,51,49,73,50],"product_tag":[110,75,74],"class_list":{"0":"post-1026","1":"product","2":"type-product","3":"status-publish","4":"has-post-thumbnail","6":"product_cat-automatizacion-industrial","7":"product_cat-control","8":"product_cat-electronica","9":"product_cat-medidor","10":"product_cat-sistema","11":"product_tag-caudalimetro","12":"product_tag-masico","13":"product_tag-medidor","15":"first","16":"instock","17":"taxable","18":"shipping-taxable","19":"purchasable","20":"product-type-simple"},"_links":{"self":[{"href":"https:\/\/store.simerelectronics.com\/index.php\/wp-json\/wp\/v2\/product\/1026","targetHints":{"allow":["GET"]}}],"collection":[{"href":"https:\/\/store.simerelectronics.com\/index.php\/wp-json\/wp\/v2\/product"}],"about":[{"href":"https:\/\/store.simerelectronics.com\/index.php\/wp-json\/wp\/v2\/types\/product"}],"replies":[{"embeddable":true,"href":"https:\/\/store.simerelectronics.com\/index.php\/wp-json\/wp\/v2\/comments?post=1026"}],"wp:featuredmedia":[{"embeddable":true,"href":"https:\/\/store.simerelectronics.com\/index.php\/wp-json\/wp\/v2\/media\/1027"}],"wp:attachment":[{"href":"https:\/\/store.simerelectronics.com\/index.php\/wp-json\/wp\/v2\/media?parent=1026"}],"wp:term":[{"taxonomy":"product_brand","embeddable":true,"href":"https:\/\/store.simerelectronics.com\/index.php\/wp-json\/wp\/v2\/product_brand?post=1026"},{"taxonomy":"product_cat","embeddable":true,"href":"https:\/\/store.simerelectronics.com\/index.php\/wp-json\/wp\/v2\/product_cat?post=1026"},{"taxonomy":"product_tag","embeddable":true,"href":"https:\/\/store.simerelectronics.com\/index.php\/wp-json\/wp\/v2\/product_tag?post=1026"}],"curies":[{"name":"wp","href":"https:\/\/api.w.org\/{rel}","templated":true}]}}