{"id":926,"date":"2026-01-28T10:10:51","date_gmt":"2026-01-28T15:10:51","guid":{"rendered":"https:\/\/store.simerelectronics.com\/?post_type=product&#038;p=926"},"modified":"2026-02-18T15:02:19","modified_gmt":"2026-02-18T20:02:19","slug":"valvula-solenoide-dc-de-11-4","status":"publish","type":"product","link":"https:\/\/store.simerelectronics.com\/index.php\/producto\/valvula-solenoide-dc-de-11-4\/","title":{"rendered":"Valvula Solenoide DC de 1&#8243;1\/4"},"content":{"rendered":"<table width=\"627\">\n<tbody>\n<tr>\n<td colspan=\"5\" width=\"259\">Conexi\u00f3n In &#8211; Out LPG<\/td>\n<td colspan=\"4\" width=\"368\">1&#8243;1\/4<\/td>\n<\/tr>\n<tr>\n<td colspan=\"5\" width=\"259\">Protecci\u00f3n y encapsulado para atm\u00f3sferas explosivas<\/td>\n<td colspan=\"4\" width=\"368\">EX mb IIC T4 Gb\/Ex mb IIIC T130\u00aeCDb<\/td>\n<\/tr>\n<tr>\n<td colspan=\"5\">Fusible t\u00e9rmico<\/td>\n<td colspan=\"4\">125\u00aeC a 2Amp<\/td>\n<\/tr>\n<tr>\n<td colspan=\"5\">Temperatura de operaci\u00f3n<\/td>\n<td colspan=\"4\">-20\u00aeC a +50\u00aeC<\/td>\n<\/tr>\n<tr>\n<td colspan=\"5\">Tensi\u00f3n nominal<\/td>\n<td colspan=\"4\">12 -24 voltios DC<\/td>\n<\/tr>\n<tr>\n<td colspan=\"5\">Potencia nominal<\/td>\n<td colspan=\"4\">23 vatios DC<\/td>\n<\/tr>\n<tr>\n<td colspan=\"5\">Aplicaci\u00f3n<\/td>\n<td colspan=\"4\">Zonas clasificadas<\/td>\n<\/tr>\n<tr>\n<td colspan=\"5\">Presi\u00f3n<\/td>\n<td colspan=\"4\">10 Bar<\/td>\n<\/tr>\n<tr>\n<td colspan=\"5\">Conmutaci\u00f3n<\/td>\n<td colspan=\"4\">NC<\/td>\n<\/tr>\n<\/tbody>\n<\/table>\n","protected":false},"excerpt":{"rendered":"<p>Conexi\u00f3n In &#8211; Out LPG 1&#8243;1\/4 Protecci\u00f3n y encapsulado para atm\u00f3sferas explosivas EX mb IIC T4 Gb\/Ex mb IIIC T130\u00aeCDb Fusible t\u00e9rmico 125\u00aeC a 2Amp Temperatura de operaci\u00f3n -20\u00aeC a +50\u00aeC Tensi\u00f3n nominal 12 -24 voltios DC Potencia nominal 23 vatios DC Aplicaci\u00f3n Zonas clasificadas Presi\u00f3n 10 Bar Conmutaci\u00f3n NC<\/p>\n","protected":false},"featured_media":929,"comment_status":"open","ping_status":"closed","template":"","meta":[],"product_brand":[],"product_cat":[55,54,56,57],"product_tag":[61,60,59,58],"class_list":{"0":"post-926","1":"product","2":"type-product","3":"status-publish","4":"has-post-thumbnail","6":"product_cat-automatizacion-industrial","7":"product_cat-dc","8":"product_cat-valvula","9":"product_cat-valvula-solenoide","10":"product_tag-11-4","11":"product_tag-dc","12":"product_tag-solenoide","13":"product_tag-valvula","15":"first","16":"instock","17":"taxable","18":"shipping-taxable","19":"purchasable","20":"product-type-simple"},"_links":{"self":[{"href":"https:\/\/store.simerelectronics.com\/index.php\/wp-json\/wp\/v2\/product\/926","targetHints":{"allow":["GET"]}}],"collection":[{"href":"https:\/\/store.simerelectronics.com\/index.php\/wp-json\/wp\/v2\/product"}],"about":[{"href":"https:\/\/store.simerelectronics.com\/index.php\/wp-json\/wp\/v2\/types\/product"}],"replies":[{"embeddable":true,"href":"https:\/\/store.simerelectronics.com\/index.php\/wp-json\/wp\/v2\/comments?post=926"}],"wp:featuredmedia":[{"embeddable":true,"href":"https:\/\/store.simerelectronics.com\/index.php\/wp-json\/wp\/v2\/media\/929"}],"wp:attachment":[{"href":"https:\/\/store.simerelectronics.com\/index.php\/wp-json\/wp\/v2\/media?parent=926"}],"wp:term":[{"taxonomy":"product_brand","embeddable":true,"href":"https:\/\/store.simerelectronics.com\/index.php\/wp-json\/wp\/v2\/product_brand?post=926"},{"taxonomy":"product_cat","embeddable":true,"href":"https:\/\/store.simerelectronics.com\/index.php\/wp-json\/wp\/v2\/product_cat?post=926"},{"taxonomy":"product_tag","embeddable":true,"href":"https:\/\/store.simerelectronics.com\/index.php\/wp-json\/wp\/v2\/product_tag?post=926"}],"curies":[{"name":"wp","href":"https:\/\/api.w.org\/{rel}","templated":true}]}}