{"id":962,"date":"2026-02-18T15:35:51","date_gmt":"2026-02-18T20:35:51","guid":{"rendered":"https:\/\/store.simerelectronics.com\/?post_type=product&#038;p=962"},"modified":"2026-02-18T16:55:02","modified_gmt":"2026-02-18T21:55:02","slug":"detector-lel-fijo-para-gas-propano-o-butano-raeguard-2000","status":"publish","type":"product","link":"https:\/\/store.simerelectronics.com\/index.php\/producto\/detector-lel-fijo-para-gas-propano-o-butano-raeguard-2000\/","title":{"rendered":"Detector LEL fijo para gas propano o butano RAEGUARD-2000"},"content":{"rendered":"<table width=\"517\">\n<tbody>\n<tr>\n<td colspan=\"5\" width=\"277\">Tipo de sensor<\/td>\n<td colspan=\"3\" width=\"240\">Sensor electroqu\u00edmico original importado o sensor de combusti\u00f3n catal\u00edtica.<\/td>\n<\/tr>\n<tr>\n<td colspan=\"5\">Rango<\/td>\n<td colspan=\"3\">0-100%LEL.<\/td>\n<\/tr>\n<tr>\n<td colspan=\"5\">Alerta baja predeterminada<\/td>\n<td colspan=\"3\" width=\"240\">1\/5=20% del l\u00edmite inferior del nivel explosivo.<\/td>\n<\/tr>\n<tr>\n<td colspan=\"5\">Alerta alta predeterminada<\/td>\n<td colspan=\"3\" width=\"240\">1\/2=50% del l\u00edmite inferior del nivel explosivo.<\/td>\n<\/tr>\n<tr>\n<td colspan=\"5\">Resoluci\u00f3n<\/td>\n<td colspan=\"3\">1%LEL, 0.1%VOL, 1ppmm.<\/td>\n<\/tr>\n<tr>\n<td colspan=\"5\">Exactitud<\/td>\n<td colspan=\"3\">\u00a0&lt;\/= +\/-\u00a0\u00a0 3%F.S<\/td>\n<\/tr>\n<tr>\n<td colspan=\"5\">Tiempo de respuesta<\/td>\n<td colspan=\"3\">T90&lt;30s.<\/td>\n<\/tr>\n<tr>\n<td colspan=\"5\">Visualizaci\u00f3n de estado<\/td>\n<td colspan=\"3\">LED display screen.<\/td>\n<\/tr>\n<tr>\n<td colspan=\"5\">Fuente de alimentaci\u00f3n<\/td>\n<td colspan=\"3\">DC24V<\/td>\n<\/tr>\n<tr>\n<td colspan=\"5\">Par\u00e1metros ambientales<\/td>\n<td colspan=\"3\">Temperatura(-20\u00b0C to +60\u00b0C)<\/td>\n<\/tr>\n<tr>\n<td colspan=\"5\">Humedad<\/td>\n<td colspan=\"3\">&lt;90% (without condensacion)<\/td>\n<\/tr>\n<tr>\n<td colspan=\"5\">Tipo de cable<\/td>\n<td colspan=\"3\">4 active<\/td>\n<\/tr>\n<tr>\n<td colspan=\"5\">Distancia de transmisi\u00f3n<\/td>\n<td colspan=\"3\">&lt;\/= 1000 meter<\/td>\n<\/tr>\n<tr>\n<td colspan=\"5\">Clase antiexplosi\u00f3n<\/td>\n<td colspan=\"3\">Ex d IICT6Gb<\/td>\n<\/tr>\n<tr>\n<td colspan=\"5\">Clase de protecci\u00f3n<\/td>\n<td colspan=\"3\">IPS66<\/td>\n<\/tr>\n<tr>\n<td colspan=\"5\">Vida \u00fatil del sensor<\/td>\n<td colspan=\"3\">3-5 years<\/td>\n<\/tr>\n<\/tbody>\n<\/table>\n","protected":false},"excerpt":{"rendered":"<p>Tipo de sensor Sensor electroqu\u00edmico original importado o sensor de combusti\u00f3n catal\u00edtica. Rango 0-100%LEL. Alerta baja predeterminada 1\/5=20% del l\u00edmite inferior del nivel explosivo. Alerta alta predeterminada 1\/2=50% del l\u00edmite inferior del nivel explosivo. Resoluci\u00f3n 1%LEL, 0.1%VOL, 1ppmm. Exactitud \u00a0&lt;\/= +\/-\u00a0\u00a0 3%F.S Tiempo de respuesta T90&lt;30s. Visualizaci\u00f3n de estado LED display screen. Fuente de alimentaci\u00f3n [&hellip;]<\/p>\n","protected":false},"featured_media":963,"comment_status":"open","ping_status":"closed","template":"","meta":[],"product_brand":[],"product_cat":[55,51,54,69,49],"product_tag":[72,68,70,71,66],"class_list":{"0":"post-962","1":"product","2":"type-product","3":"status-publish","4":"has-post-thumbnail","6":"product_cat-automatizacion-industrial","7":"product_cat-control","8":"product_cat-dc","9":"product_cat-detector","10":"product_cat-electronica","11":"product_tag-butano","12":"product_tag-detector","13":"product_tag-gas","14":"product_tag-propano","15":"product_tag-sensor","17":"first","18":"instock","19":"taxable","20":"shipping-taxable","21":"purchasable","22":"product-type-simple"},"_links":{"self":[{"href":"https:\/\/store.simerelectronics.com\/index.php\/wp-json\/wp\/v2\/product\/962","targetHints":{"allow":["GET"]}}],"collection":[{"href":"https:\/\/store.simerelectronics.com\/index.php\/wp-json\/wp\/v2\/product"}],"about":[{"href":"https:\/\/store.simerelectronics.com\/index.php\/wp-json\/wp\/v2\/types\/product"}],"replies":[{"embeddable":true,"href":"https:\/\/store.simerelectronics.com\/index.php\/wp-json\/wp\/v2\/comments?post=962"}],"wp:featuredmedia":[{"embeddable":true,"href":"https:\/\/store.simerelectronics.com\/index.php\/wp-json\/wp\/v2\/media\/963"}],"wp:attachment":[{"href":"https:\/\/store.simerelectronics.com\/index.php\/wp-json\/wp\/v2\/media?parent=962"}],"wp:term":[{"taxonomy":"product_brand","embeddable":true,"href":"https:\/\/store.simerelectronics.com\/index.php\/wp-json\/wp\/v2\/product_brand?post=962"},{"taxonomy":"product_cat","embeddable":true,"href":"https:\/\/store.simerelectronics.com\/index.php\/wp-json\/wp\/v2\/product_cat?post=962"},{"taxonomy":"product_tag","embeddable":true,"href":"https:\/\/store.simerelectronics.com\/index.php\/wp-json\/wp\/v2\/product_tag?post=962"}],"curies":[{"name":"wp","href":"https:\/\/api.w.org\/{rel}","templated":true}]}}